{"id":302,"date":"2024-07-24T19:15:59","date_gmt":"2024-07-24T17:15:59","guid":{"rendered":"https:\/\/maximilianfalleti.com\/?page_id=302"},"modified":"2024-07-24T19:17:38","modified_gmt":"2024-07-24T17:17:38","slug":"accesibilidad","status":"publish","type":"page","link":"https:\/\/maximilianfalleti.com\/en\/accesibilidad\/","title":{"rendered":"Accessibility"},"content":{"rendered":"<style>.elementor-302 .elementor-element.elementor-element-5392590c:not(.elementor-motion-effects-element-type-background), .elementor-302 .elementor-element.elementor-element-5392590c > .elementor-motion-effects-container > .elementor-motion-effects-layer{background-image:url(\"https:\/\/maximilianfalleti.com\/wp-content\/uploads\/2024\/07\/notepad-with-a-question-mark-it-worker-workplace.jpg\");background-position:0px 100%;background-repeat:no-repeat;background-size:cover;}.elementor-302 .elementor-element.elementor-element-5392590c > .elementor-background-overlay{background-color:var( --e-global-color-primary );opacity:0.9;transition:background 0.3s, border-radius 0.3s, opacity 0.3s;}.elementor-302 .elementor-element.elementor-element-5392590c > .elementor-container{max-width:1170px;}.elementor-302 .elementor-element.elementor-element-5392590c{transition:background 0.3s, border 0.3s, border-radius 0.3s, box-shadow 0.3s;margin-top:-110px;margin-bottom:0px;padding:200px 0px 140px 0px;z-index:0;}.elementor-302 .elementor-element.elementor-element-3c84d156{text-align:center;}.elementor-302 .elementor-element.elementor-element-3c84d156 .elementor-heading-title{font-family:var( --e-global-typography-secondary-font-family ), Sans-serif;font-size:var( --e-global-typography-secondary-font-size );font-weight:var( --e-global-typography-secondary-font-weight );line-height:var( --e-global-typography-secondary-line-height );color:#FFFFFF;}.elementor-302 .elementor-element.elementor-element-9900186{--display:flex;--flex-direction:column;--container-widget-width:100%;--container-widget-height:initial;--container-widget-flex-grow:0;--container-widget-align-self:initial;--flex-wrap-mobile:wrap;--margin-top:50px;--margin-bottom:50px;--margin-left:0px;--margin-right:0px;}@media(max-width:1024px){.elementor-302 .elementor-element.elementor-element-5392590c:not(.elementor-motion-effects-element-type-background), .elementor-302 .elementor-element.elementor-element-5392590c > .elementor-motion-effects-container > .elementor-motion-effects-layer{background-position:center center;}.elementor-302 .elementor-element.elementor-element-5392590c{margin-top:0px;margin-bottom:0px;padding:210px 10px 140px 10px;}.elementor-302 .elementor-element.elementor-element-3c84d156 .elementor-heading-title{font-size:var( --e-global-typography-secondary-font-size );line-height:var( --e-global-typography-secondary-line-height );}}@media(max-width:767px){.elementor-302 .elementor-element.elementor-element-5392590c{margin-top:0px;margin-bottom:0px;padding:152px 10px 80px 10px;}.elementor-302 .elementor-element.elementor-element-3c84d156 .elementor-heading-title{font-size:var( --e-global-typography-secondary-font-size );line-height:var( --e-global-typography-secondary-line-height );}}<\/style>\t\t<div data-elementor-type=\"wp-page\" data-elementor-id=\"302\" class=\"elementor elementor-302\" data-elementor-post-type=\"page\">\n\t\t\t\t\t\t<section class=\"elementor-section elementor-top-section elementor-element elementor-element-5392590c elementor-section-boxed elementor-section-height-default elementor-section-height-default\" data-id=\"5392590c\" data-element_type=\"section\" data-settings=\"{&quot;background_background&quot;:&quot;classic&quot;}\">\n\t\t\t\t\t\t\t<div class=\"elementor-background-overlay\"><\/div>\n\t\t\t\t\t\t\t<div class=\"elementor-container elementor-column-gap-default\">\n\t\t\t\t\t<div class=\"elementor-column elementor-col-100 elementor-top-column elementor-element elementor-element-63cef9cd\" data-id=\"63cef9cd\" data-element_type=\"column\">\n\t\t\t<div class=\"elementor-widget-wrap elementor-element-populated\">\n\t\t\t\t\t\t<div class=\"elementor-element elementor-element-3c84d156 elementor-widget elementor-widget-heading\" data-id=\"3c84d156\" data-element_type=\"widget\" data-widget_type=\"heading.default\">\n\t\t\t\t<div class=\"elementor-widget-container\">\n\t\t\t\t\t<h2 class=\"elementor-heading-title elementor-size-default\">Accessibility<\/h2>\t\t\t\t<\/div>\n\t\t\t\t<\/div>\n\t\t\t\t\t<\/div>\n\t\t<\/div>\n\t\t\t\t\t<\/div>\n\t\t<\/section>\n\t\t<div class=\"elementor-element elementor-element-9900186 e-flex e-con-boxed e-con e-parent\" data-id=\"9900186\" data-element_type=\"container\">\n\t\t\t\t\t<div class=\"e-con-inner\">\n\t\t\t\t<div class=\"elementor-element elementor-element-3d8bd199 elementor-widget elementor-widget-text-editor\" data-id=\"3d8bd199\" data-element_type=\"widget\" data-widget_type=\"text-editor.default\">\n\t\t\t\t<div class=\"elementor-widget-container\">\n\t\t\t\t\t\t\t\t\t<p><b>DECLARACI\u00d3N DE ACCESIBILIDAD<\/b><\/p><p><span style=\"font-weight: 400;\">M&amp;M Canarias Dream Rental Home, C.I.F. Y6128288K<\/span><span style=\"font-weight: 400;\">, domicilio social en <\/span><span style=\"font-weight: 400;\">Calle Trebolina 49, Santa Lucia de Tirajana (La Vereda\/ Vecindario), Gran Canaria, Espa\u00f1a<\/span><span style=\"font-weight: 400;\"> se ha <\/span><span style=\"font-weight: 400;\">comprometido a hacer accesible su sitio web, de conformidad con el\u00a0<\/span><a href=\"https:\/\/www.boe.es\/diario_boe\/txt.php?id=BOE-A-2018-12699\"><span style=\"font-weight: 400;\">Real Decreto 1112\/2018, de 7 de septiembre, sobre accesibilidad de los sitios web y aplicaciones para dispositivos m\u00f3viles del sector p\u00fablico<\/span><\/a><span style=\"font-weight: 400;\">.\u00a0<\/span><\/p><p><span style=\"font-weight: 400;\">La presente declaraci\u00f3n de accesibilidad se aplica a\u00a0 <\/span><span style=\"font-weight: 400;\">falleti.maximiIian70@gmaiI.com<\/span><span style=\"font-weight: 400;\">.<\/span><\/p><p>\u00a0<\/p><p><b>SITUACI\u00d3N DEL CUMPLIMIENTO<\/b><\/p><p><span style=\"font-weight: 400;\">Este sitio web es\u00a0<\/span><b>plenamente conforme<\/b><span style=\"font-weight: 400;\">\u00a0con el RD 1112\/2018.<\/span><\/p><p><span style=\"font-weight: 400;\">\u00a0<\/span><\/p><p><b>CONTENIDO NO ACCESIBLE<\/b><\/p><p><span style=\"font-weight: 400;\">Todo el contenido es accesible.<\/span><\/p><p><span style=\"font-weight: 400;\">\u00a0<\/span><\/p><p><b>PREPARACI\u00d3N DE LA PRESENTE DECLARACI\u00d3N DE ACCESIBILIDAD<\/b><\/p><p><span style=\"font-weight: 400;\">La presente declaraci\u00f3n fue preparada el <\/span><span style=\"font-weight: 400;\">24 de Julio de 2024<\/span><span style=\"font-weight: 400;\">.<\/span><\/p><p><span style=\"font-weight: 400;\">El m\u00e9todo empleado para preparar la declaraci\u00f3n ha sido una autoevaluaci\u00f3n llevada a cabo por el propio organismo.<\/span><\/p><p><b>OBSERVACIONES Y DATOS DE CONTACTO<\/b><\/p><p><span style=\"font-weight: 400;\">Puede realizar\u00a0<\/span><b>comunicaciones<\/b><span style=\"font-weight: 400;\">\u00a0sobre requisitos de accesibilidad (art\u00edculo 10.2.a) del RD 1112\/2018) como por ejemplo:<\/span><\/p><ul><li style=\"font-weight: 400;\" aria-level=\"1\"><span style=\"font-weight: 400;\">informar sobre cualquier posible\u00a0<\/span><b>incumplimiento<\/b><span style=\"font-weight: 400;\">\u00a0por parte de este sitio web<\/span><\/li><li style=\"font-weight: 400;\" aria-level=\"1\"><span style=\"font-weight: 400;\">transmitir otras\u00a0<\/span><b>dificultades de acceso<\/b><span style=\"font-weight: 400;\">\u00a0al contenido<\/span><\/li><\/ul><p><span style=\"font-weight: 400;\">formular cualquier otra\u00a0<\/span><b>consulta o sugerencia de mejora<\/b><span style=\"font-weight: 400;\">\u00a0relativa a la accesibilidad del sitio web\u00a0 <\/span><span style=\"font-weight: 400;\">falleti.maximiIian70@gmaiI.com<\/span><\/p><p><span style=\"font-weight: 400;\">o Llamando al tel\u00e9fono <\/span><span style=\"font-weight: 400;\">(+34) <\/span><span style=\"font-weight: 400;\">641464498<\/span><\/p><p><span style=\"font-weight: 400;\">Puede presentar:<\/span><\/p><ul><li style=\"font-weight: 400;\" aria-level=\"1\"><span style=\"font-weight: 400;\">una queja relativa al cumplimiento de los requisitos del RD 1112\/2018 o<\/span><\/li><li style=\"font-weight: 400;\" aria-level=\"1\"><span style=\"font-weight: 400;\">una Solicitud de Informaci\u00f3n accesible relativa a:<\/span><ol><li style=\"font-weight: 400;\" aria-level=\"2\"><span style=\"font-weight: 400;\">contenidos que est\u00e1n excluidos del \u00e1mbito de aplicaci\u00f3n del RD 1112\/2018 seg\u00fan lo establecido por el art\u00edculo 3, apartado 4.<\/span><\/li><li style=\"font-weight: 400;\" aria-level=\"2\"><span style=\"font-weight: 400;\">contenidos que est\u00e1n exentos del cumplimiento de los requisitos de accesibilidad por imponer una carga desproporcionada.<\/span><\/li><\/ol><\/li><\/ul><p><span style=\"font-weight: 400;\">En la Solicitud de informaci\u00f3n accesible, se debe concretar, con toda claridad, los hechos, razones y petici\u00f3n que permitan constatar que se trata de una solicitud razonable y leg\u00edtima.<\/span><\/p><p><span style=\"font-weight: 400;\">Las comunicaciones, quejas y solicitudes de informaci\u00f3n accesible ser\u00e1n recibidas y tratadas por <\/span><span style=\"font-weight: 400;\">Loyal Consulting SL<\/span><\/p><p><span style=\"font-weight: 400;\">\u00a0<\/span><\/p><p><b>PROCEDIMIENTO DE APLICACI\u00d3N<\/b><\/p><p><span style=\"font-weight: 400;\">En caso de no verse atendidas las solicitudes, podr\u00e1 dirigir una comunicaci\u00f3n <\/span><span style=\"font-weight: 400;\">a <\/span><span style=\"font-weight: 400;\">falleti.maximiIian70@gmaiI.com<\/span> <span style=\"font-weight: 400;\">dirigida en atenci\u00f3n a la Direcci\u00f3n de la organizaci\u00f3n.<\/span><\/p><p><br \/><br \/><\/p>\t\t\t\t\t\t\t\t<\/div>\n\t\t\t\t<\/div>\n\t\t\t\t\t<\/div>\n\t\t\t\t<\/div>\n\t\t\t\t<\/div>","protected":false},"excerpt":{"rendered":"<p>DECLARACI\u00d3N DE ACCESIBILIDAD M&amp;M Canarias Dream Rental Home, C.I.F. Y6128288K, domicilio social en Calle Trebolina 49, Santa Lucia de Tirajana (La Vereda\/ Vecindario), Gran Canaria, Espa\u00f1a se ha comprometido a hacer accesible su sitio web, de conformidad con el\u00a0Real Decreto 1112\/2018, de 7 de septiembre, sobre accesibilidad de los sitios web y aplicaciones para dispositivos [&hellip;]<\/p>","protected":false},"author":1,"featured_media":0,"parent":0,"menu_order":0,"comment_status":"closed","ping_status":"closed","template":"","meta":{"footnotes":""},"class_list":["post-302","page","type-page","status-publish","hentry"],"_links":{"self":[{"href":"https:\/\/maximilianfalleti.com\/en\/wp-json\/wp\/v2\/pages\/302","targetHints":{"allow":["GET"]}}],"collection":[{"href":"https:\/\/maximilianfalleti.com\/en\/wp-json\/wp\/v2\/pages"}],"about":[{"href":"https:\/\/maximilianfalleti.com\/en\/wp-json\/wp\/v2\/types\/page"}],"author":[{"embeddable":true,"href":"https:\/\/maximilianfalleti.com\/en\/wp-json\/wp\/v2\/users\/1"}],"replies":[{"embeddable":true,"href":"https:\/\/maximilianfalleti.com\/en\/wp-json\/wp\/v2\/comments?post=302"}],"version-history":[{"count":4,"href":"https:\/\/maximilianfalleti.com\/en\/wp-json\/wp\/v2\/pages\/302\/revisions"}],"predecessor-version":[{"id":307,"href":"https:\/\/maximilianfalleti.com\/en\/wp-json\/wp\/v2\/pages\/302\/revisions\/307"}],"wp:attachment":[{"href":"https:\/\/maximilianfalleti.com\/en\/wp-json\/wp\/v2\/media?parent=302"}],"curies":[{"name":"wp","href":"https:\/\/api.w.org\/{rel}","templated":true}]}}